{"id":8490,"date":"2023-10-21T10:19:58","date_gmt":"2023-10-21T08:19:58","guid":{"rendered":"http:\/\/byxrebj.cluster031.hosting.ovh.net\/?page_id=8490"},"modified":"2023-10-21T10:24:31","modified_gmt":"2023-10-21T08:24:31","slug":"ceremonies-amicale-ondine","status":"publish","type":"page","link":"https:\/\/agasm-sous-marin-ondine-cherbourg.fr\/index.php\/ceremonies-amicale-ondine\/","title":{"rendered":"CEREMONIES"},"content":{"rendered":"\t\t<div data-elementor-type=\"wp-page\" data-elementor-id=\"8490\" class=\"elementor elementor-8490\">\n\t\t\t\t\t\t<section class=\"elementor-section elementor-top-section elementor-element elementor-element-a37a4f6 elementor-section-boxed elementor-section-height-default elementor-section-height-default\" data-id=\"a37a4f6\" data-element_type=\"section\" data-e-type=\"section\">\n\t\t\t\t\t\t<div class=\"elementor-container elementor-column-gap-default\">\n\t\t\t\t\t<div class=\"elementor-column elementor-col-100 elementor-top-column elementor-element elementor-element-6fc9aa5\" data-id=\"6fc9aa5\" data-element_type=\"column\" data-e-type=\"column\" data-settings=\"{&quot;background_background&quot;:&quot;classic&quot;}\">\n\t\t\t<div class=\"elementor-widget-wrap elementor-element-populated\">\n\t\t\t\t\t\t\t<\/div>\n\t\t<\/div>\n\t\t\t\t\t<\/div>\n\t\t<\/section>\n\t\t\t\t<section class=\"elementor-section elementor-top-section elementor-element elementor-element-f1dcd27 elementor-section-boxed elementor-section-height-default elementor-section-height-default\" data-id=\"f1dcd27\" data-element_type=\"section\" data-e-type=\"section\" data-settings=\"{&quot;background_background&quot;:&quot;classic&quot;}\">\n\t\t\t\t\t\t<div class=\"elementor-container elementor-column-gap-default\">\n\t\t\t\t\t<div class=\"elementor-column elementor-col-100 elementor-top-column elementor-element elementor-element-0c9586f\" data-id=\"0c9586f\" data-element_type=\"column\" data-e-type=\"column\">\n\t\t\t<div class=\"elementor-widget-wrap elementor-element-populated\">\n\t\t\t\t\t\t<div class=\"elementor-element elementor-element-77b68a7 elementor-widget elementor-widget-shortcode\" data-id=\"77b68a7\" data-element_type=\"widget\" data-e-type=\"widget\" data-widget_type=\"shortcode.default\">\n\t\t\t\t<div class=\"elementor-widget-container\">\n\t\t\t\t\t\t\t<div class=\"elementor-shortcode\"><style type='text\/css' media='all'>#rt-tpg-container-527138643 .rt-holder .rt-woo-info .price{color:#0367bf;}body .rt-tpg-container .rt-tpg-isotope-buttons .selected,\n\t\t\t\t\t#rt-tpg-container-527138643 .layout12 .rt-holder:hover .rt-detail,\n\t\t\t\t\t#rt-tpg-container-527138643 .isotope8 .rt-holder:hover .rt-detail,\n\t\t\t\t\t#rt-tpg-container-527138643 .carousel8 .rt-holder:hover .rt-detail,\n\t\t\t\t\t#rt-tpg-container-527138643 .layout13 .rt-holder .overlay .post-info,\n\t\t\t\t\t#rt-tpg-container-527138643 .isotope9 .rt-holder .overlay .post-info,\n\t\t\t\t\t#rt-tpg-container-527138643.rt-tpg-container .layout4 .rt-holder .rt-detail,\n\t\t\t\t\t.rt-modal-527138643 .md-content,\n\t\t\t\t\t.rt-modal-527138643 .md-content > .rt-md-content-holder .rt-md-content,\n\t\t\t\t\t.rt-popup-wrap-527138643.rt-popup-wrap .rt-popup-navigation-wrap,\n\t\t\t\t\t#rt-tpg-container-527138643 .carousel9 .rt-holder .overlay .post-info{background-color:#0367bf;}#rt-tpg-container-527138643 .layout5 .rt-holder .overlay, #rt-tpg-container-527138643 .isotope2 .rt-holder .overlay, #rt-tpg-container-527138643 .carousel2 .rt-holder .overlay,#rt-tpg-container-527138643 .layout15 .rt-holder h3, #rt-tpg-container-527138643 .isotope11 .rt-holder h3, #rt-tpg-container-527138643 .carousel11 .rt-holder h3, #rt-tpg-container-527138643 .layout16 .rt-holder h3,\n\t\t\t\t\t#rt-tpg-container-527138643 .isotope12 .rt-holder h3, #rt-tpg-container-527138643 .carousel12 .rt-holder h3 {background-color:rgba(3,103,191,0.8);}#rt-tpg-container-527138643 .read-more a{border-radius:px;}#rt-tpg-container-527138643 .rt-img-holder img.rt-img-responsive,#rt-tpg-container-527138643 .rt-img-holder,\n\t\t\t\t\t#rt-tpg-container-527138643 .rt-post-overlay .post-img,\n\t\t\t\t\t#rt-tpg-container-527138643 .post-sm .post-img,\n\t\t\t\t\t#rt-tpg-container-527138643 .rt-post-grid .post-img,\n\t\t\t\t\t#rt-tpg-container-527138643 .post-img img {border-radius:px;}<\/style><div class='rt-container-fluid rt-tpg-container tpg-shortcode-main-wrapper ' id='rt-tpg-container-527138643'   data-layout='layout1' data-grid-style='even' data-desktop-col='2'  data-tab-col='2'  data-mobile-col='1' data-sc-id='8480'><div class=\"tpg-widget-heading-wrapper heading-style1 \"><span class=\"tpg-widget-heading-line line-left\"><\/span><h2 class=\"tpg-widget-heading\">CEREMONIES AMICALE ONDINE<\/h2><span class=\"tpg-widget-heading-line\"><\/span><\/div><div data-title='Loading ...' class='rt-row rt-content-loader   layout1 tpg-even '><div class=\"rt-col-md-6 rt-col-sm-6 rt-col-xs-12 even-grid-item rt-grid-item\" data-id=\"8912\"><div class=\"rt-holder\"><div class=\"rt-img-holder\"><a data-id=\"8912\" class=\"\" href=\"https:\/\/agasm-sous-marin-ondine-cherbourg.fr\/index.php\/2023\/10\/24\/70-eme-congres-national\/\"><img fetchpriority=\"high\" decoding=\"async\" width=\"360\" height=\"480\" src=\"https:\/\/agasm-sous-marin-ondine-cherbourg.fr\/wp-content\/uploads\/2023\/10\/Totem-AGASM-le-27-aout-2009-a-la-SGM-a-Crawyck.jpg\" class=\"rt-img-responsive \" alt=\"\" \/><\/a><\/div><div class='rt-detail'><h3 class=\"entry-title\"><a data-id=\"8912\" class=\"\" href=\"https:\/\/agasm-sous-marin-ondine-cherbourg.fr\/index.php\/2023\/10\/24\/70-eme-congres-national\/\">70 \u00e9me Congr\u00e8s National<\/a><\/h3><div class='post-meta-user  '><span class='author'><i class='fa fa-user '><\/i><a href=\"https:\/\/agasm-sous-marin-ondine-cherbourg.fr\/index.php\/author\/albert\/\">admin9938<\/a><\/span><span class='date'><i class='far fa-calendar-alt '><\/i>24 octobre 2023<\/span><span class='categories-links'><i class='fas fa-folder-open '><\/i><a class=\"ceremonies-section\" href=\"https:\/\/agasm-sous-marin-ondine-cherbourg.fr\/index.php\/category\/ceremonies-section\/\" rel=\"tag\">CEREMONIES SECTION<\/a><\/span><span class=\"comment-count\"><i class='fas fa-comments '><\/i><a href='https:\/\/agasm-sous-marin-ondine-cherbourg.fr\/index.php\/2023\/10\/24\/70-eme-congres-national\/#respond'>(0) <\/a><\/span><\/div><div class='tpg-excerpt'>70\u00e9meCongr\u00e8s National Lien (clic) &#8211;Les congr\u00e8s nationaux Tr\u00e8s vite apr\u00e8s la cr\u00e9ation de notre association...<\/div><div class='post-meta '><span class='read-more'><a data-id='8912' class='' href='https:\/\/agasm-sous-marin-ondine-cherbourg.fr\/index.php\/2023\/10\/24\/70-eme-congres-national\/'>LIRE PLUS<\/a><\/span><\/div><\/div><\/div><\/div><div class=\"rt-col-md-6 rt-col-sm-6 rt-col-xs-12 even-grid-item rt-grid-item\" data-id=\"12061\"><div class=\"rt-holder\"><div class=\"rt-img-holder\"><a data-id=\"12061\" class=\"\" href=\"https:\/\/agasm-sous-marin-ondine-cherbourg.fr\/index.php\/2025\/03\/14\/ceremonie-du-souvenir-disparition-du-sous-marin-eurydis-a-brillevast\/\"><img decoding=\"async\" width=\"1214\" height=\"809\" src=\"https:\/\/agasm-sous-marin-ondine-cherbourg.fr\/wp-content\/uploads\/2025\/03\/IMG_5258.jpg\" class=\"rt-img-responsive \" alt=\"\" \/><\/a><\/div><div class='rt-detail'><h3 class=\"entry-title\"><a data-id=\"12061\" class=\"\" href=\"https:\/\/agasm-sous-marin-ondine-cherbourg.fr\/index.php\/2025\/03\/14\/ceremonie-du-souvenir-disparition-du-sous-marin-eurydis-a-brillevast\/\">C\u00e9r\u00e9monie du souvenir disparition du sous-marin EURYDIS \u00e0 Brillevast<\/a><\/h3><div class='post-meta-user  '><span class='author'><i class='fa fa-user '><\/i><a href=\"https:\/\/agasm-sous-marin-ondine-cherbourg.fr\/index.php\/author\/albert\/\">admin9938<\/a><\/span><span class='date'><i class='far fa-calendar-alt '><\/i>14 mars 2025<\/span><span class='categories-links'><i class='fas fa-folder-open '><\/i><a class=\"ceremonies-section\" href=\"https:\/\/agasm-sous-marin-ondine-cherbourg.fr\/index.php\/category\/ceremonies-section\/\" rel=\"tag\">CEREMONIES SECTION<\/a><\/span><span class=\"comment-count\"><i class='fas fa-comments '><\/i><a href='https:\/\/agasm-sous-marin-ondine-cherbourg.fr\/index.php\/2025\/03\/14\/ceremonie-du-souvenir-disparition-du-sous-marin-eurydis-a-brillevast\/#respond'>(0) <\/a><\/span><\/div><div class='tpg-excerpt'>C\u00e9r\u00e9monie du Souvenir de la Disparition du Sous-Marin EURYDICE\/55 ans le 8 mars 2025. Album...<\/div><div class='post-meta '><span class='read-more'><a data-id='12061' class='' href='https:\/\/agasm-sous-marin-ondine-cherbourg.fr\/index.php\/2025\/03\/14\/ceremonie-du-souvenir-disparition-du-sous-marin-eurydis-a-brillevast\/'>LIRE PLUS<\/a><\/span><\/div><\/div><\/div><\/div><div class=\"rt-col-md-6 rt-col-sm-6 rt-col-xs-12 even-grid-item rt-grid-item\" data-id=\"12182\"><div class=\"rt-holder\"><div class=\"rt-img-holder\"><a data-id=\"12182\" class=\"\" href=\"https:\/\/agasm-sous-marin-ondine-cherbourg.fr\/index.php\/2025\/06\/03\/inauguration-monument-du-leopolville-6-mai-2025-ceremonie-du-8-mai-armistice-hommage-aux-tirailleurs-senegalais\/\"><img decoding=\"async\" width=\"853\" height=\"1280\" src=\"https:\/\/agasm-sous-marin-ondine-cherbourg.fr\/wp-content\/uploads\/2025\/06\/IMG_5576-rotated.jpeg\" class=\"rt-img-responsive \" alt=\"\" \/><\/a><\/div><div class='rt-detail'><h3 class=\"entry-title\"><a data-id=\"12182\" class=\"\" href=\"https:\/\/agasm-sous-marin-ondine-cherbourg.fr\/index.php\/2025\/06\/03\/inauguration-monument-du-leopolville-6-mai-2025-ceremonie-du-8-mai-armistice-hommage-aux-tirailleurs-senegalais\/\">Inauguration Monument du LEOPOLVILLE (6 mai 2025) &amp; C\u00e9r\u00e9monie du 8 mai \u00ab\u00a0Armistice\u00a0\u00bb  &amp;  Hommage aux tirailleurs s\u00e9n\u00e9galais<\/a><\/h3><div class='post-meta-user  '><span class='author'><i class='fa fa-user '><\/i><a href=\"https:\/\/agasm-sous-marin-ondine-cherbourg.fr\/index.php\/author\/albert\/\">admin9938<\/a><\/span><span class='date'><i class='far fa-calendar-alt '><\/i>3 juin 2025<\/span><span class='categories-links'><i class='fas fa-folder-open '><\/i><a class=\"ceremonies-section\" href=\"https:\/\/agasm-sous-marin-ondine-cherbourg.fr\/index.php\/category\/ceremonies-section\/\" rel=\"tag\">CEREMONIES SECTION<\/a><\/span><span class=\"comment-count\"><i class='fas fa-comments '><\/i><a href='https:\/\/agasm-sous-marin-ondine-cherbourg.fr\/index.php\/2025\/06\/03\/inauguration-monument-du-leopolville-6-mai-2025-ceremonie-du-8-mai-armistice-hommage-aux-tirailleurs-senegalais\/#respond'>(0) <\/a><\/span><\/div><div class='tpg-excerpt'>Inauguration Monument du LEOPOLVILLE (6 mai 2025) &amp; C\u00e9r\u00e9monie du 8 mai \u00ab\u00a0Armistice\u00a0\u00bb &amp; Hommage...<\/div><div class='post-meta '><span class='read-more'><a data-id='12182' class='' href='https:\/\/agasm-sous-marin-ondine-cherbourg.fr\/index.php\/2025\/06\/03\/inauguration-monument-du-leopolville-6-mai-2025-ceremonie-du-8-mai-armistice-hommage-aux-tirailleurs-senegalais\/'>LIRE PLUS<\/a><\/span><\/div><\/div><\/div><\/div><div class=\"rt-col-md-6 rt-col-sm-6 rt-col-xs-12 even-grid-item rt-grid-item\" data-id=\"12435\"><div class=\"rt-holder\"><div class=\"rt-img-holder\"><a data-id=\"12435\" class=\"\" href=\"https:\/\/agasm-sous-marin-ondine-cherbourg.fr\/index.php\/2025\/09\/25\/journee-du-souvenir-du-13-septembre-2025\/\"><img loading=\"lazy\" decoding=\"async\" width=\"1280\" height=\"853\" src=\"https:\/\/agasm-sous-marin-ondine-cherbourg.fr\/wp-content\/uploads\/2025\/09\/P1030717.jpeg\" class=\"rt-img-responsive \" alt=\"\" \/><\/a><\/div><div class='rt-detail'><h3 class=\"entry-title\"><a data-id=\"12435\" class=\"\" href=\"https:\/\/agasm-sous-marin-ondine-cherbourg.fr\/index.php\/2025\/09\/25\/journee-du-souvenir-du-13-septembre-2025\/\">Journ\u00e9e du Souvenir du 13 Septembre 2025<\/a><\/h3><div class='post-meta-user  '><span class='author'><i class='fa fa-user '><\/i><a href=\"https:\/\/agasm-sous-marin-ondine-cherbourg.fr\/index.php\/author\/albert\/\">admin9938<\/a><\/span><span class='date'><i class='far fa-calendar-alt '><\/i>25 septembre 2025<\/span><span class='categories-links'><i class='fas fa-folder-open '><\/i><a class=\"ceremonies-section\" href=\"https:\/\/agasm-sous-marin-ondine-cherbourg.fr\/index.php\/category\/ceremonies-section\/\" rel=\"tag\">CEREMONIES SECTION<\/a><\/span><span class=\"comment-count\"><i class='fas fa-comments '><\/i><a href='https:\/\/agasm-sous-marin-ondine-cherbourg.fr\/index.php\/2025\/09\/25\/journee-du-souvenir-du-13-septembre-2025\/#respond'>(0) <\/a><\/span><\/div><div class='tpg-excerpt'>10HOO.C\u00e9r\u00e9monie d\u00e9pose gerbe monument Prom\u00e9th\u00e9e La croix du Prom\u00e9th\u00e9e est un monument comm\u00e9moratif de la...<\/div><div class='post-meta '><span class='read-more'><a data-id='12435' class='' href='https:\/\/agasm-sous-marin-ondine-cherbourg.fr\/index.php\/2025\/09\/25\/journee-du-souvenir-du-13-septembre-2025\/'>LIRE PLUS<\/a><\/span><\/div><\/div><\/div><\/div><div class=\"rt-col-md-6 rt-col-sm-6 rt-col-xs-12 even-grid-item rt-grid-item\" data-id=\"11333\"><div class=\"rt-holder\"><div class=\"rt-img-holder\"><a data-id=\"11333\" class=\"\" href=\"https:\/\/agasm-sous-marin-ondine-cherbourg.fr\/index.php\/2024\/09\/20\/journee-du-souvenir-du-14-septembre-2024\/\"><img loading=\"lazy\" decoding=\"async\" width=\"1280\" height=\"853\" src=\"https:\/\/agasm-sous-marin-ondine-cherbourg.fr\/wp-content\/uploads\/2024\/09\/IMG_0053.jpeg\" class=\"rt-img-responsive \" alt=\"\" \/><\/a><\/div><div class='rt-detail'><h3 class=\"entry-title\"><a data-id=\"11333\" class=\"\" href=\"https:\/\/agasm-sous-marin-ondine-cherbourg.fr\/index.php\/2024\/09\/20\/journee-du-souvenir-du-14-septembre-2024\/\">Journ\u00e9e du Souvenir du 14 Septembre 2024<\/a><\/h3><div class='post-meta-user  '><span class='author'><i class='fa fa-user '><\/i><a href=\"https:\/\/agasm-sous-marin-ondine-cherbourg.fr\/index.php\/author\/albert\/\">admin9938<\/a><\/span><span class='date'><i class='far fa-calendar-alt '><\/i>20 septembre 2024<\/span><span class='categories-links'><i class='fas fa-folder-open '><\/i><a class=\"ceremonies-section\" href=\"https:\/\/agasm-sous-marin-ondine-cherbourg.fr\/index.php\/category\/ceremonies-section\/\" rel=\"tag\">CEREMONIES SECTION<\/a><\/span><span class=\"comment-count\"><i class='fas fa-comments '><\/i><a href='https:\/\/agasm-sous-marin-ondine-cherbourg.fr\/index.php\/2024\/09\/20\/journee-du-souvenir-du-14-septembre-2024\/#respond'>(0) <\/a><\/span><\/div><div class='tpg-excerpt'>10HOO.C\u00e9r\u00e9monie d\u00e9pose gerbe monument Prom\u00e9th\u00e9e La croix du Prom\u00e9th\u00e9e est un monument comm\u00e9moratif de la...<\/div><div class='post-meta '><span class='read-more'><a data-id='11333' class='' href='https:\/\/agasm-sous-marin-ondine-cherbourg.fr\/index.php\/2024\/09\/20\/journee-du-souvenir-du-14-septembre-2024\/'>LIRE PLUS<\/a><\/span><\/div><\/div><\/div><\/div><div class=\"rt-col-md-6 rt-col-sm-6 rt-col-xs-12 even-grid-item rt-grid-item\" data-id=\"11646\"><div class=\"rt-holder\"><div class=\"rt-img-holder\"><a data-id=\"11646\" class=\"\" href=\"https:\/\/agasm-sous-marin-ondine-cherbourg.fr\/index.php\/2024\/12\/02\/le-mercredi-27-novembre-2024-journee-du-sous-marin\/\"><img loading=\"lazy\" decoding=\"async\" width=\"1280\" height=\"853\" src=\"https:\/\/agasm-sous-marin-ondine-cherbourg.fr\/wp-content\/uploads\/2024\/12\/P1030562.jpg\" class=\"rt-img-responsive \" alt=\"\" \/><\/a><\/div><div class='rt-detail'><h3 class=\"entry-title\"><a data-id=\"11646\" class=\"\" href=\"https:\/\/agasm-sous-marin-ondine-cherbourg.fr\/index.php\/2024\/12\/02\/le-mercredi-27-novembre-2024-journee-du-sous-marin\/\">Le Mercredi 27 NOVEMBRE 2024.Journ\u00e9e du sous-marin &#8211;<\/a><\/h3><div class='post-meta-user  '><span class='author'><i class='fa fa-user '><\/i><a href=\"https:\/\/agasm-sous-marin-ondine-cherbourg.fr\/index.php\/author\/albert\/\">admin9938<\/a><\/span><span class='date'><i class='far fa-calendar-alt '><\/i>2 d\u00e9cembre 2024<\/span><span class='categories-links'><i class='fas fa-folder-open '><\/i><a class=\"ceremonies-section\" href=\"https:\/\/agasm-sous-marin-ondine-cherbourg.fr\/index.php\/category\/ceremonies-section\/\" rel=\"tag\">CEREMONIES SECTION<\/a><\/span><span class=\"comment-count\"><i class='fas fa-comments '><\/i><a href='https:\/\/agasm-sous-marin-ondine-cherbourg.fr\/index.php\/2024\/12\/02\/le-mercredi-27-novembre-2024-journee-du-sous-marin\/#respond'>(0) <\/a><\/span><\/div><div class='tpg-excerpt'>Le Mercredi 27 Novembre 2024.Journ\u00e9e Nationale .Journ\u00e9e du sous-marin ONDINE avec repas restaurant \u00ab\u00a0TELLES QU&rsquo;ELLES\u00a0\u00bb...<\/div><div class='post-meta '><span class='read-more'><a data-id='11646' class='' href='https:\/\/agasm-sous-marin-ondine-cherbourg.fr\/index.php\/2024\/12\/02\/le-mercredi-27-novembre-2024-journee-du-sous-marin\/'>LIRE PLUS<\/a><\/span><\/div><\/div><\/div><\/div><div class=\"rt-col-md-6 rt-col-sm-6 rt-col-xs-12 even-grid-item rt-grid-item\" data-id=\"12482\"><div class=\"rt-holder\"><div class=\"rt-img-holder\"><a data-id=\"12482\" class=\"\" href=\"https:\/\/agasm-sous-marin-ondine-cherbourg.fr\/index.php\/2025\/12\/01\/le-mercredi-27-novembre-2025-journee-du-sous-marin\/\"><img loading=\"lazy\" decoding=\"async\" width=\"1280\" height=\"853\" src=\"https:\/\/agasm-sous-marin-ondine-cherbourg.fr\/wp-content\/uploads\/2025\/12\/P1030771.jpeg\" class=\"rt-img-responsive \" alt=\"\" \/><\/a><\/div><div class='rt-detail'><h3 class=\"entry-title\"><a data-id=\"12482\" class=\"\" href=\"https:\/\/agasm-sous-marin-ondine-cherbourg.fr\/index.php\/2025\/12\/01\/le-mercredi-27-novembre-2025-journee-du-sous-marin\/\">Le Mercredi 27 NOVEMBRE 2025.Journ\u00e9e du sous-marin &#8211; &#8211;<\/a><\/h3><div class='post-meta-user  '><span class='author'><i class='fa fa-user '><\/i><a href=\"https:\/\/agasm-sous-marin-ondine-cherbourg.fr\/index.php\/author\/albert\/\">admin9938<\/a><\/span><span class='date'><i class='far fa-calendar-alt '><\/i>1 d\u00e9cembre 2025<\/span><span class='categories-links'><i class='fas fa-folder-open '><\/i><a class=\"ceremonies-section\" href=\"https:\/\/agasm-sous-marin-ondine-cherbourg.fr\/index.php\/category\/ceremonies-section\/\" rel=\"tag\">CEREMONIES SECTION<\/a><\/span><span class=\"comment-count\"><i class='fas fa-comments '><\/i><a href='https:\/\/agasm-sous-marin-ondine-cherbourg.fr\/index.php\/2025\/12\/01\/le-mercredi-27-novembre-2025-journee-du-sous-marin\/#respond'>(0) <\/a><\/span><\/div><div class='tpg-excerpt'>Le Mercredi 27 Novembre 2025.Journ\u00e9e Nationale .Journ\u00e9e du sous-marin ONDINE avec repas restaurant \u00ab\u00a0CITE DE...<\/div><div class='post-meta '><span class='read-more'><a data-id='12482' class='' href='https:\/\/agasm-sous-marin-ondine-cherbourg.fr\/index.php\/2025\/12\/01\/le-mercredi-27-novembre-2025-journee-du-sous-marin\/'>LIRE PLUS<\/a><\/span><\/div><\/div><\/div><\/div><\/div><\/div><\/div>\n\t\t\t\t\t\t<\/div>\n\t\t\t\t<\/div>\n\t\t\t\t\t<\/div>\n\t\t<\/div>\n\t\t\t\t\t<\/div>\n\t\t<\/section>\n\t\t\t\t<\/div>\n\t\t","protected":false},"excerpt":{"rendered":"","protected":false},"author":1,"featured_media":0,"parent":0,"menu_order":0,"comment_status":"closed","ping_status":"closed","template":"","meta":{"ocean_post_layout":"full-screen","ocean_both_sidebars_style":"","ocean_both_sidebars_content_width":0,"ocean_both_sidebars_sidebars_width":0,"ocean_sidebar":"0","ocean_second_sidebar":"0","ocean_disable_margins":"enable","ocean_add_body_class":"","ocean_shortcode_before_top_bar":"","ocean_shortcode_after_top_bar":"","ocean_shortcode_before_header":"","ocean_shortcode_after_header":"","ocean_has_shortcode":"","ocean_shortcode_after_title":"","ocean_shortcode_before_footer_widgets":"","ocean_shortcode_after_footer_widgets":"","ocean_shortcode_before_footer_bottom":"","ocean_shortcode_after_footer_bottom":"","ocean_display_top_bar":"off","ocean_display_header":"off","ocean_header_style":"","ocean_center_header_left_menu":"0","ocean_custom_header_template":"0","ocean_custom_logo":0,"ocean_custom_retina_logo":0,"ocean_custom_logo_max_width":0,"ocean_custom_logo_tablet_max_width":0,"ocean_custom_logo_mobile_max_width":0,"ocean_custom_logo_max_height":0,"ocean_custom_logo_tablet_max_height":0,"ocean_custom_logo_mobile_max_height":0,"ocean_header_custom_menu":"0","ocean_menu_typo_font_family":"0","ocean_menu_typo_font_subset":"","ocean_menu_typo_font_size":0,"ocean_menu_typo_font_size_tablet":0,"ocean_menu_typo_font_size_mobile":0,"ocean_menu_typo_font_size_unit":"px","ocean_menu_typo_font_weight":"","ocean_menu_typo_font_weight_tablet":"","ocean_menu_typo_font_weight_mobile":"","ocean_menu_typo_transform":"","ocean_menu_typo_transform_tablet":"","ocean_menu_typo_transform_mobile":"","ocean_menu_typo_line_height":0,"ocean_menu_typo_line_height_tablet":0,"ocean_menu_typo_line_height_mobile":0,"ocean_menu_typo_line_height_unit":"","ocean_menu_typo_spacing":0,"ocean_menu_typo_spacing_tablet":0,"ocean_menu_typo_spacing_mobile":0,"ocean_menu_typo_spacing_unit":"","ocean_menu_link_color":"","ocean_menu_link_color_hover":"","ocean_menu_link_color_active":"","ocean_menu_link_background":"","ocean_menu_link_hover_background":"","ocean_menu_link_active_background":"","ocean_menu_social_links_bg":"","ocean_menu_social_hover_links_bg":"","ocean_menu_social_links_color":"","ocean_menu_social_hover_links_color":"","ocean_disable_title":"on","ocean_disable_heading":"default","ocean_post_title":"","ocean_post_subheading":"","ocean_post_title_style":"","ocean_post_title_background_color":"","ocean_post_title_background":0,"ocean_post_title_bg_image_position":"","ocean_post_title_bg_image_attachment":"","ocean_post_title_bg_image_repeat":"","ocean_post_title_bg_image_size":"","ocean_post_title_height":0,"ocean_post_title_bg_overlay":0.5,"ocean_post_title_bg_overlay_color":"","ocean_disable_breadcrumbs":"default","ocean_breadcrumbs_color":"","ocean_breadcrumbs_separator_color":"","ocean_breadcrumbs_links_color":"","ocean_breadcrumbs_links_hover_color":"","ocean_display_footer_widgets":"on","ocean_display_footer_bottom":"on","ocean_custom_footer_template":"0","footnotes":""},"class_list":["post-8490","page","type-page","status-publish","hentry","entry","has-media"],"rttpg_featured_image_url":null,"rttpg_author":{"display_name":"admin9938","author_link":"https:\/\/agasm-sous-marin-ondine-cherbourg.fr\/index.php\/author\/albert\/"},"rttpg_comment":0,"rttpg_category":"","rttpg_excerpt":null,"_links":{"self":[{"href":"https:\/\/agasm-sous-marin-ondine-cherbourg.fr\/index.php\/wp-json\/wp\/v2\/pages\/8490","targetHints":{"allow":["GET"]}}],"collection":[{"href":"https:\/\/agasm-sous-marin-ondine-cherbourg.fr\/index.php\/wp-json\/wp\/v2\/pages"}],"about":[{"href":"https:\/\/agasm-sous-marin-ondine-cherbourg.fr\/index.php\/wp-json\/wp\/v2\/types\/page"}],"author":[{"embeddable":true,"href":"https:\/\/agasm-sous-marin-ondine-cherbourg.fr\/index.php\/wp-json\/wp\/v2\/users\/1"}],"replies":[{"embeddable":true,"href":"https:\/\/agasm-sous-marin-ondine-cherbourg.fr\/index.php\/wp-json\/wp\/v2\/comments?post=8490"}],"version-history":[{"count":0,"href":"https:\/\/agasm-sous-marin-ondine-cherbourg.fr\/index.php\/wp-json\/wp\/v2\/pages\/8490\/revisions"}],"wp:attachment":[{"href":"https:\/\/agasm-sous-marin-ondine-cherbourg.fr\/index.php\/wp-json\/wp\/v2\/media?parent=8490"}],"curies":[{"name":"wp","href":"https:\/\/api.w.org\/{rel}","templated":true}]}}