{"id":8505,"date":"2023-10-21T10:51:34","date_gmt":"2023-10-21T08:51:34","guid":{"rendered":"http:\/\/byxrebj.cluster031.hosting.ovh.net\/?page_id=8505"},"modified":"2023-10-21T14:52:28","modified_gmt":"2023-10-21T12:52:28","slug":"ceremonies-dupliquer-8490","status":"publish","type":"page","link":"https:\/\/agasm-sous-marin-ondine-cherbourg.fr\/index.php\/ceremonies-dupliquer-8490\/","title":{"rendered":"HISTORIQUE  SECTION"},"content":{"rendered":"\t\t<div data-elementor-type=\"wp-page\" data-elementor-id=\"8505\" class=\"elementor elementor-8505\">\n\t\t\t\t\t\t<section class=\"elementor-section elementor-top-section elementor-element elementor-element-a37a4f6 elementor-section-boxed elementor-section-height-default elementor-section-height-default\" data-id=\"a37a4f6\" data-element_type=\"section\" data-e-type=\"section\">\n\t\t\t\t\t\t<div class=\"elementor-container elementor-column-gap-default\">\n\t\t\t\t\t<div class=\"elementor-column elementor-col-100 elementor-top-column elementor-element elementor-element-6fc9aa5\" data-id=\"6fc9aa5\" data-element_type=\"column\" data-e-type=\"column\" data-settings=\"{&quot;background_background&quot;:&quot;classic&quot;}\">\n\t\t\t<div class=\"elementor-widget-wrap elementor-element-populated\">\n\t\t\t\t\t\t\t<\/div>\n\t\t<\/div>\n\t\t\t\t\t<\/div>\n\t\t<\/section>\n\t\t\t\t<section class=\"elementor-section elementor-top-section elementor-element elementor-element-f1dcd27 elementor-section-boxed elementor-section-height-default elementor-section-height-default\" data-id=\"f1dcd27\" data-element_type=\"section\" data-e-type=\"section\" data-settings=\"{&quot;background_background&quot;:&quot;classic&quot;}\">\n\t\t\t\t\t\t<div class=\"elementor-container elementor-column-gap-default\">\n\t\t\t\t\t<div class=\"elementor-column elementor-col-100 elementor-top-column elementor-element elementor-element-0c9586f\" data-id=\"0c9586f\" data-element_type=\"column\" data-e-type=\"column\">\n\t\t\t<div class=\"elementor-widget-wrap elementor-element-populated\">\n\t\t\t\t\t\t<div class=\"elementor-element elementor-element-77b68a7 elementor-widget elementor-widget-shortcode\" data-id=\"77b68a7\" data-element_type=\"widget\" data-e-type=\"widget\" data-widget_type=\"shortcode.default\">\n\t\t\t\t<div class=\"elementor-widget-container\">\n\t\t\t\t\t\t\t<div class=\"elementor-shortcode\"><style type='text\/css' media='all'>#rt-tpg-container-803162599 .rt-holder .rt-woo-info .price{color:#0367bf;}body .rt-tpg-container .rt-tpg-isotope-buttons .selected,\n\t\t\t\t\t#rt-tpg-container-803162599 .layout12 .rt-holder:hover .rt-detail,\n\t\t\t\t\t#rt-tpg-container-803162599 .isotope8 .rt-holder:hover .rt-detail,\n\t\t\t\t\t#rt-tpg-container-803162599 .carousel8 .rt-holder:hover .rt-detail,\n\t\t\t\t\t#rt-tpg-container-803162599 .layout13 .rt-holder .overlay .post-info,\n\t\t\t\t\t#rt-tpg-container-803162599 .isotope9 .rt-holder .overlay .post-info,\n\t\t\t\t\t#rt-tpg-container-803162599.rt-tpg-container .layout4 .rt-holder .rt-detail,\n\t\t\t\t\t.rt-modal-803162599 .md-content,\n\t\t\t\t\t.rt-modal-803162599 .md-content > .rt-md-content-holder .rt-md-content,\n\t\t\t\t\t.rt-popup-wrap-803162599.rt-popup-wrap .rt-popup-navigation-wrap,\n\t\t\t\t\t#rt-tpg-container-803162599 .carousel9 .rt-holder .overlay .post-info{background-color:#0367bf;}#rt-tpg-container-803162599 .layout5 .rt-holder .overlay, #rt-tpg-container-803162599 .isotope2 .rt-holder .overlay, #rt-tpg-container-803162599 .carousel2 .rt-holder .overlay,#rt-tpg-container-803162599 .layout15 .rt-holder h3, #rt-tpg-container-803162599 .isotope11 .rt-holder h3, #rt-tpg-container-803162599 .carousel11 .rt-holder h3, #rt-tpg-container-803162599 .layout16 .rt-holder h3,\n\t\t\t\t\t#rt-tpg-container-803162599 .isotope12 .rt-holder h3, #rt-tpg-container-803162599 .carousel12 .rt-holder h3 {background-color:rgba(3,103,191,0.8);}#rt-tpg-container-803162599 .read-more a{border-radius:px;}#rt-tpg-container-803162599 .rt-img-holder img.rt-img-responsive,#rt-tpg-container-803162599 .rt-img-holder,\n\t\t\t\t\t#rt-tpg-container-803162599 .rt-post-overlay .post-img,\n\t\t\t\t\t#rt-tpg-container-803162599 .post-sm .post-img,\n\t\t\t\t\t#rt-tpg-container-803162599 .rt-post-grid .post-img,\n\t\t\t\t\t#rt-tpg-container-803162599 .post-img img {border-radius:px;}<\/style><div class='rt-container-fluid rt-tpg-container tpg-shortcode-main-wrapper ' id='rt-tpg-container-803162599'   data-layout='layout1' data-grid-style='even' data-desktop-col='4'  data-tab-col='1'  data-mobile-col='1' data-sc-id='8502'><div class=\"tpg-widget-heading-wrapper heading-style1 \"><span class=\"tpg-widget-heading-line line-left\"><\/span><h2 class=\"tpg-widget-heading\">HISTORIQUE<\/h2><span class=\"tpg-widget-heading-line\"><\/span><\/div><div data-title='Loading ...' class='rt-row rt-content-loader   layout1 tpg-even '><div class=\"rt-col-md-3 rt-col-sm-12 rt-col-xs-12 even-grid-item rt-grid-item\" data-id=\"11761\"><div class=\"rt-holder\"><div class=\"rt-img-holder\"><a data-id=\"11761\" class=\"\" href=\"https:\/\/agasm-sous-marin-ondine-cherbourg.fr\/index.php\/2025\/01\/24\/historique-2023\/\"><img fetchpriority=\"high\" decoding=\"async\" width=\"300\" height=\"194\" src=\"https:\/\/agasm-sous-marin-ondine-cherbourg.fr\/wp-content\/uploads\/2025\/01\/CongresNationalAGASM2023Cherbourg-1-300x194-1.jpg\" class=\"rt-img-responsive \" alt=\"\" \/><\/a><\/div><div class='rt-detail'><h3 class=\"entry-title\"><a data-id=\"11761\" class=\"\" href=\"https:\/\/agasm-sous-marin-ondine-cherbourg.fr\/index.php\/2025\/01\/24\/historique-2023\/\">HISTORIQUE    2023<\/a><\/h3><div class='post-meta-user  '><span class='categories-links'><i class='fas fa-folder-open '><\/i><a class=\"historique\" href=\"https:\/\/agasm-sous-marin-ondine-cherbourg.fr\/index.php\/category\/historique\/\" rel=\"tag\">HISTORIQUE<\/a><\/span><span class=\"comment-count\"><i class='fas fa-comments '><\/i><a href='https:\/\/agasm-sous-marin-ondine-cherbourg.fr\/index.php\/2025\/01\/24\/historique-2023\/#respond'>(0) <\/a><\/span><\/div><div class='tpg-excerpt'>En attente de photos historiques,insolites,marquantes ,copie presse etc &#8230;&#8230;. de la section Quelques photos de...<\/div><div class='post-meta '><span class='read-more'><a data-id='11761' class='' href='https:\/\/agasm-sous-marin-ondine-cherbourg.fr\/index.php\/2025\/01\/24\/historique-2023\/'>LIRE PLUS<\/a><\/span><\/div><\/div><\/div><\/div><div class=\"rt-col-md-3 rt-col-sm-12 rt-col-xs-12 even-grid-item rt-grid-item\" data-id=\"9049\"><div class=\"rt-holder\"><div class=\"rt-img-holder\"><a data-id=\"9049\" class=\"\" href=\"https:\/\/agasm-sous-marin-ondine-cherbourg.fr\/index.php\/2023\/10\/27\/historique-photos-2022\/\"><img decoding=\"async\" width=\"2560\" height=\"1862\" src=\"https:\/\/agasm-sous-marin-ondine-cherbourg.fr\/wp-content\/uploads\/2023\/10\/Numerisation_20220915-6-scaled.jpg\" class=\"rt-img-responsive \" alt=\"\" \/><\/a><\/div><div class='rt-detail'><h3 class=\"entry-title\"><a data-id=\"9049\" class=\"\" href=\"https:\/\/agasm-sous-marin-ondine-cherbourg.fr\/index.php\/2023\/10\/27\/historique-photos-2022\/\">HISTORIQUE    2022<\/a><\/h3><div class='post-meta-user  '><span class='categories-links'><i class='fas fa-folder-open '><\/i><a class=\"historique\" href=\"https:\/\/agasm-sous-marin-ondine-cherbourg.fr\/index.php\/category\/historique\/\" rel=\"tag\">HISTORIQUE<\/a><\/span><span class=\"comment-count\"><i class='fas fa-comments '><\/i><a href='https:\/\/agasm-sous-marin-ondine-cherbourg.fr\/index.php\/2023\/10\/27\/historique-photos-2022\/#respond'>(0) <\/a><\/span><\/div><div class='tpg-excerpt'>En attente de photos historiques,insolites,marquantes ,copie presse etc &#8230;&#8230;. de la section Vous voulez rencontrer...<\/div><div class='post-meta '><span class='read-more'><a data-id='9049' class='' href='https:\/\/agasm-sous-marin-ondine-cherbourg.fr\/index.php\/2023\/10\/27\/historique-photos-2022\/'>LIRE PLUS<\/a><\/span><\/div><\/div><\/div><\/div><div class=\"rt-col-md-3 rt-col-sm-12 rt-col-xs-12 even-grid-item rt-grid-item\" data-id=\"9325\"><div class=\"rt-holder\"><div class=\"rt-img-holder\"><a data-id=\"9325\" class=\"\" href=\"https:\/\/agasm-sous-marin-ondine-cherbourg.fr\/index.php\/2023\/10\/26\/historique-2021\/\"><img decoding=\"async\" width=\"1280\" height=\"853\" src=\"https:\/\/agasm-sous-marin-ondine-cherbourg.fr\/wp-content\/uploads\/2023\/11\/P1030250.jpeg\" class=\"rt-img-responsive \" alt=\"\" \/><\/a><\/div><div class='rt-detail'><h3 class=\"entry-title\"><a data-id=\"9325\" class=\"\" href=\"https:\/\/agasm-sous-marin-ondine-cherbourg.fr\/index.php\/2023\/10\/26\/historique-2021\/\">HISTORIQUE  2021<\/a><\/h3><div class='post-meta-user  '><span class='categories-links'><i class='fas fa-folder-open '><\/i><a class=\"historique\" href=\"https:\/\/agasm-sous-marin-ondine-cherbourg.fr\/index.php\/category\/historique\/\" rel=\"tag\">HISTORIQUE<\/a><\/span><span class=\"comment-count\"><i class='fas fa-comments '><\/i><a href='https:\/\/agasm-sous-marin-ondine-cherbourg.fr\/index.php\/2023\/10\/26\/historique-2021\/#respond'>(0) <\/a><\/span><\/div><div class='tpg-excerpt'>En attente de photos historiques,insolites,marquantes ,copie presse etc &#8230;&#8230;. de la section Assembl\u00e9e g\u00e9n\u00e9rale du...<\/div><div class='post-meta '><span class='read-more'><a data-id='9325' class='' href='https:\/\/agasm-sous-marin-ondine-cherbourg.fr\/index.php\/2023\/10\/26\/historique-2021\/'>LIRE PLUS<\/a><\/span><\/div><\/div><\/div><\/div><div class=\"rt-col-md-3 rt-col-sm-12 rt-col-xs-12 even-grid-item rt-grid-item\" data-id=\"9466\"><div class=\"rt-holder\"><div class=\"rt-img-holder\"><a data-id=\"9466\" class=\"\" href=\"https:\/\/agasm-sous-marin-ondine-cherbourg.fr\/index.php\/2023\/10\/25\/historique-2020\/\"><img loading=\"lazy\" decoding=\"async\" width=\"1107\" height=\"960\" src=\"https:\/\/agasm-sous-marin-ondine-cherbourg.fr\/wp-content\/uploads\/2023\/11\/P1020708.jpeg\" class=\"rt-img-responsive \" alt=\"\" \/><\/a><\/div><div class='rt-detail'><h3 class=\"entry-title\"><a data-id=\"9466\" class=\"\" href=\"https:\/\/agasm-sous-marin-ondine-cherbourg.fr\/index.php\/2023\/10\/25\/historique-2020\/\">HISTORIQUE  2020<\/a><\/h3><div class='post-meta-user  '><span class='categories-links'><i class='fas fa-folder-open '><\/i><a class=\"historique\" href=\"https:\/\/agasm-sous-marin-ondine-cherbourg.fr\/index.php\/category\/historique\/\" rel=\"tag\">HISTORIQUE<\/a><\/span><span class=\"comment-count\"><i class='fas fa-comments '><\/i><a href='https:\/\/agasm-sous-marin-ondine-cherbourg.fr\/index.php\/2023\/10\/25\/historique-2020\/#respond'>(0) <\/a><\/span><\/div><div class='tpg-excerpt'>En attente de photos historiques,insolites,marquantes ,copie presse etc &#8230;&#8230;. de la section Assembl\u00e9e g\u00e9n\u00e9rale du...<\/div><div class='post-meta '><span class='read-more'><a data-id='9466' class='' href='https:\/\/agasm-sous-marin-ondine-cherbourg.fr\/index.php\/2023\/10\/25\/historique-2020\/'>LIRE PLUS<\/a><\/span><\/div><\/div><\/div><\/div><div class=\"rt-col-md-3 rt-col-sm-12 rt-col-xs-12 even-grid-item rt-grid-item\" data-id=\"9552\"><div class=\"rt-holder\"><div class=\"rt-img-holder\"><a data-id=\"9552\" class=\"\" href=\"https:\/\/agasm-sous-marin-ondine-cherbourg.fr\/index.php\/2023\/10\/24\/historique-2019\/\"><img decoding=\"async\" width=\"1280\" height=\"853\" src=\"https:\/\/agasm-sous-marin-ondine-cherbourg.fr\/wp-content\/uploads\/2023\/11\/P1030250.jpeg\" class=\"rt-img-responsive \" alt=\"\" \/><\/a><\/div><div class='rt-detail'><h3 class=\"entry-title\"><a data-id=\"9552\" class=\"\" href=\"https:\/\/agasm-sous-marin-ondine-cherbourg.fr\/index.php\/2023\/10\/24\/historique-2019\/\">HISTORIQUE  2019<\/a><\/h3><div class='post-meta-user  '><span class='categories-links'><i class='fas fa-folder-open '><\/i><a class=\"historique\" href=\"https:\/\/agasm-sous-marin-ondine-cherbourg.fr\/index.php\/category\/historique\/\" rel=\"tag\">HISTORIQUE<\/a><\/span><span class=\"comment-count\"><i class='fas fa-comments '><\/i><a href='https:\/\/agasm-sous-marin-ondine-cherbourg.fr\/index.php\/2023\/10\/24\/historique-2019\/#respond'>(0) <\/a><\/span><\/div><div class='tpg-excerpt'>En attente de photos historiques,insolites,marquantes ,copie presse etc &#8230;&#8230;. de la section Assembl\u00e9e g\u00e9n\u00e9rale du...<\/div><div class='post-meta '><span class='read-more'><a data-id='9552' class='' href='https:\/\/agasm-sous-marin-ondine-cherbourg.fr\/index.php\/2023\/10\/24\/historique-2019\/'>LIRE PLUS<\/a><\/span><\/div><\/div><\/div><\/div><div class=\"rt-col-md-3 rt-col-sm-12 rt-col-xs-12 even-grid-item rt-grid-item\" data-id=\"9790\"><div class=\"rt-holder\"><div class=\"rt-img-holder\"><a data-id=\"9790\" class=\"\" href=\"https:\/\/agasm-sous-marin-ondine-cherbourg.fr\/index.php\/2023\/10\/24\/historique-2017\/\"><img loading=\"lazy\" decoding=\"async\" width=\"1280\" height=\"853\" src=\"https:\/\/agasm-sous-marin-ondine-cherbourg.fr\/wp-content\/uploads\/2023\/11\/CP1000611.jpeg\" class=\"rt-img-responsive \" alt=\"\" \/><\/a><\/div><div class='rt-detail'><h3 class=\"entry-title\"><a data-id=\"9790\" class=\"\" href=\"https:\/\/agasm-sous-marin-ondine-cherbourg.fr\/index.php\/2023\/10\/24\/historique-2017\/\">HISTORIQUE    2017<\/a><\/h3><div class='post-meta-user  '><span class='categories-links'><i class='fas fa-folder-open '><\/i><a class=\"historique\" href=\"https:\/\/agasm-sous-marin-ondine-cherbourg.fr\/index.php\/category\/historique\/\" rel=\"tag\">HISTORIQUE<\/a><\/span><span class=\"comment-count\"><i class='fas fa-comments '><\/i><a href='https:\/\/agasm-sous-marin-ondine-cherbourg.fr\/index.php\/2023\/10\/24\/historique-2017\/#respond'>(0) <\/a><\/span><\/div><div class='tpg-excerpt'>En attente de photos historiques,insolites,marquantes ,copie presse etc &#8230;&#8230;. de la section Quelques photos de...<\/div><div class='post-meta '><span class='read-more'><a data-id='9790' class='' href='https:\/\/agasm-sous-marin-ondine-cherbourg.fr\/index.php\/2023\/10\/24\/historique-2017\/'>LIRE PLUS<\/a><\/span><\/div><\/div><\/div><\/div><div class=\"rt-col-md-3 rt-col-sm-12 rt-col-xs-12 even-grid-item rt-grid-item\" data-id=\"9692\"><div class=\"rt-holder\"><div class=\"rt-img-holder\"><a data-id=\"9692\" class=\"\" href=\"https:\/\/agasm-sous-marin-ondine-cherbourg.fr\/index.php\/2023\/10\/24\/historique-2018\/\"><img loading=\"lazy\" decoding=\"async\" width=\"1280\" height=\"960\" src=\"https:\/\/agasm-sous-marin-ondine-cherbourg.fr\/wp-content\/uploads\/2023\/11\/P129048212.jpg\" class=\"rt-img-responsive \" alt=\"\" \/><\/a><\/div><div class='rt-detail'><h3 class=\"entry-title\"><a data-id=\"9692\" class=\"\" href=\"https:\/\/agasm-sous-marin-ondine-cherbourg.fr\/index.php\/2023\/10\/24\/historique-2018\/\">HISTORIQUE    2018<\/a><\/h3><div class='post-meta-user  '><span class='categories-links'><i class='fas fa-folder-open '><\/i><a class=\"historique\" href=\"https:\/\/agasm-sous-marin-ondine-cherbourg.fr\/index.php\/category\/historique\/\" rel=\"tag\">HISTORIQUE<\/a><\/span><span class=\"comment-count\"><i class='fas fa-comments '><\/i><a href='https:\/\/agasm-sous-marin-ondine-cherbourg.fr\/index.php\/2023\/10\/24\/historique-2018\/#respond'>(0) <\/a><\/span><\/div><div class='tpg-excerpt'>En attente de photos historiques,insolites,marquantes ,copie presse etc &#8230;&#8230;. de la section Quelques photos de...<\/div><div class='post-meta '><span class='read-more'><a data-id='9692' class='' href='https:\/\/agasm-sous-marin-ondine-cherbourg.fr\/index.php\/2023\/10\/24\/historique-2018\/'>LIRE PLUS<\/a><\/span><\/div><\/div><\/div><\/div><div class=\"rt-col-md-3 rt-col-sm-12 rt-col-xs-12 even-grid-item rt-grid-item\" data-id=\"9864\"><div class=\"rt-holder\"><div class=\"rt-img-holder\"><a data-id=\"9864\" class=\"\" href=\"https:\/\/agasm-sous-marin-ondine-cherbourg.fr\/index.php\/2023\/10\/24\/historique-2016\/\"><img loading=\"lazy\" decoding=\"async\" width=\"1280\" height=\"960\" src=\"https:\/\/agasm-sous-marin-ondine-cherbourg.fr\/wp-content\/uploads\/2023\/11\/P1220911.jpeg\" class=\"rt-img-responsive \" alt=\"\" \/><\/a><\/div><div class='rt-detail'><h3 class=\"entry-title\"><a data-id=\"9864\" class=\"\" href=\"https:\/\/agasm-sous-marin-ondine-cherbourg.fr\/index.php\/2023\/10\/24\/historique-2016\/\">HISTORIQUE    2016<\/a><\/h3><div class='post-meta-user  '><span class='categories-links'><i class='fas fa-folder-open '><\/i><a class=\"historique\" href=\"https:\/\/agasm-sous-marin-ondine-cherbourg.fr\/index.php\/category\/historique\/\" rel=\"tag\">HISTORIQUE<\/a><\/span><span class=\"comment-count\"><i class='fas fa-comments '><\/i><a href='https:\/\/agasm-sous-marin-ondine-cherbourg.fr\/index.php\/2023\/10\/24\/historique-2016\/#respond'>(0) <\/a><\/span><\/div><div class='tpg-excerpt'>En attente de photos historiques,insolites,marquantes ,copie presse etc &#8230;&#8230;. de la section Quelques photos de...<\/div><div class='post-meta '><span class='read-more'><a data-id='9864' class='' href='https:\/\/agasm-sous-marin-ondine-cherbourg.fr\/index.php\/2023\/10\/24\/historique-2016\/'>LIRE PLUS<\/a><\/span><\/div><\/div><\/div><\/div><div class=\"rt-col-md-3 rt-col-sm-12 rt-col-xs-12 even-grid-item rt-grid-item\" data-id=\"9972\"><div class=\"rt-holder\"><div class=\"rt-img-holder\"><a data-id=\"9972\" class=\"\" href=\"https:\/\/agasm-sous-marin-ondine-cherbourg.fr\/index.php\/2023\/10\/24\/historique-2015\/\"><img loading=\"lazy\" decoding=\"async\" width=\"960\" height=\"1280\" src=\"https:\/\/agasm-sous-marin-ondine-cherbourg.fr\/wp-content\/uploads\/2023\/11\/Image00020.jpg\" class=\"rt-img-responsive \" alt=\"\" \/><\/a><\/div><div class='rt-detail'><h3 class=\"entry-title\"><a data-id=\"9972\" class=\"\" href=\"https:\/\/agasm-sous-marin-ondine-cherbourg.fr\/index.php\/2023\/10\/24\/historique-2015\/\">HISTORIQUE    2015<\/a><\/h3><div class='post-meta-user  '><span class='categories-links'><i class='fas fa-folder-open '><\/i><a class=\"historique\" href=\"https:\/\/agasm-sous-marin-ondine-cherbourg.fr\/index.php\/category\/historique\/\" rel=\"tag\">HISTORIQUE<\/a><\/span><span class=\"comment-count\"><i class='fas fa-comments '><\/i><a href='https:\/\/agasm-sous-marin-ondine-cherbourg.fr\/index.php\/2023\/10\/24\/historique-2015\/#respond'>(0) <\/a><\/span><\/div><div class='tpg-excerpt'>En attente de photos historiques,insolites,marquantes ,copie presse etc &#8230;&#8230;. de la section Quelques photos de...<\/div><div class='post-meta '><span class='read-more'><a data-id='9972' class='' href='https:\/\/agasm-sous-marin-ondine-cherbourg.fr\/index.php\/2023\/10\/24\/historique-2015\/'>LIRE PLUS<\/a><\/span><\/div><\/div><\/div><\/div><div class=\"rt-col-md-3 rt-col-sm-12 rt-col-xs-12 even-grid-item rt-grid-item\" data-id=\"2706\"><div class=\"rt-holder\"><div class=\"rt-img-holder\"><a data-id=\"2706\" class=\"\" href=\"https:\/\/agasm-sous-marin-ondine-cherbourg.fr\/index.php\/2023\/10\/24\/historique-photos\/\"><img loading=\"lazy\" decoding=\"async\" width=\"1024\" height=\"703\" src=\"https:\/\/agasm-sous-marin-ondine-cherbourg.fr\/wp-content\/uploads\/2022\/06\/How-the-west-was-lost-1024x703.jpg\" class=\"rt-img-responsive \" alt=\"\" \/><\/a><\/div><div class='rt-detail'><h3 class=\"entry-title\"><a data-id=\"2706\" class=\"\" href=\"https:\/\/agasm-sous-marin-ondine-cherbourg.fr\/index.php\/2023\/10\/24\/historique-photos\/\">HISTORIQUE  PHOTOS  2014 \u00e0 2009<\/a><\/h3><div class='post-meta-user  '><span class='categories-links'><i class='fas fa-folder-open '><\/i><a class=\"historique\" href=\"https:\/\/agasm-sous-marin-ondine-cherbourg.fr\/index.php\/category\/historique\/\" rel=\"tag\">HISTORIQUE<\/a><\/span><span class=\"comment-count\"><i class='fas fa-comments '><\/i><a href='https:\/\/agasm-sous-marin-ondine-cherbourg.fr\/index.php\/2023\/10\/24\/historique-photos\/#respond'>(0) <\/a><\/span><\/div><div class='tpg-excerpt'>En attente de photos historiques,insolites,marquantes ,copie presse etc &#8230;&#8230;. de la section ANNEE 2014 Au...<\/div><div class='post-meta '><span class='read-more'><a data-id='2706' class='' href='https:\/\/agasm-sous-marin-ondine-cherbourg.fr\/index.php\/2023\/10\/24\/historique-photos\/'>LIRE PLUS<\/a><\/span><\/div><\/div><\/div><\/div><div class=\"rt-col-md-3 rt-col-sm-12 rt-col-xs-12 even-grid-item rt-grid-item\" data-id=\"2048\"><div class=\"rt-holder\"><div class=\"rt-img-holder\"><a data-id=\"2048\" class=\"\" href=\"https:\/\/agasm-sous-marin-ondine-cherbourg.fr\/index.php\/2023\/10\/21\/maquette\/\"><img loading=\"lazy\" decoding=\"async\" width=\"793\" height=\"595\" src=\"https:\/\/agasm-sous-marin-ondine-cherbourg.fr\/wp-content\/uploads\/2023\/10\/A56.jpg\" class=\"rt-img-responsive \" alt=\"\" \/><\/a><\/div><div class='rt-detail'><h3 class=\"entry-title\"><a data-id=\"2048\" class=\"\" href=\"https:\/\/agasm-sous-marin-ondine-cherbourg.fr\/index.php\/2023\/10\/21\/maquette\/\">MAQUETTE<\/a><\/h3><div class='post-meta-user  '><span class='categories-links'><i class='fas fa-folder-open '><\/i><a class=\"historique\" href=\"https:\/\/agasm-sous-marin-ondine-cherbourg.fr\/index.php\/category\/historique\/\" rel=\"tag\">HISTORIQUE<\/a><\/span><span class=\"comment-count\"><i class='fas fa-comments '><\/i><a href='https:\/\/agasm-sous-marin-ondine-cherbourg.fr\/index.php\/2023\/10\/21\/maquette\/#respond'>(0) <\/a><\/span><\/div><div class='tpg-excerpt'>sur internet \u00ab\u00a0LE REDOUTABLE\u00a0\u00bb 27 f\u00e9vr. 2012 de Claire Laurent Construction maquette par Gilbert Vanhaezebrouck...<\/div><div class='post-meta '><span class='read-more'><a data-id='2048' class='' href='https:\/\/agasm-sous-marin-ondine-cherbourg.fr\/index.php\/2023\/10\/21\/maquette\/'>LIRE PLUS<\/a><\/span><\/div><\/div><\/div><\/div><div class=\"rt-col-md-3 rt-col-sm-12 rt-col-xs-12 even-grid-item rt-grid-item\" data-id=\"8998\"><div class=\"rt-holder\"><div class='rt-detail'><h3 class=\"entry-title\"><a data-id=\"8998\" class=\"\" href=\"https:\/\/agasm-sous-marin-ondine-cherbourg.fr\/index.php\/2023\/10\/15\/historique-sur-internet\/\">HISTORIQUE   SUR INTERNET<\/a><\/h3><div class='post-meta-user  '><span class='categories-links'><i class='fas fa-folder-open '><\/i><a class=\"historique\" href=\"https:\/\/agasm-sous-marin-ondine-cherbourg.fr\/index.php\/category\/historique\/\" rel=\"tag\">HISTORIQUE<\/a><\/span><span class=\"comment-count\"><i class='fas fa-comments '><\/i><a href='https:\/\/agasm-sous-marin-ondine-cherbourg.fr\/index.php\/2023\/10\/15\/historique-sur-internet\/#respond'>(0) <\/a><\/span><\/div><div class='tpg-excerpt'>En attente d&rsquo;autres liens sur internet 50 ans disparition de l&rsquo;Eurydice\u00a0\u00bb C\u00e9r\u00e9monies \u00e0 Tocqueville &#038;...<\/div><div class='post-meta '><span class='read-more'><a data-id='8998' class='' href='https:\/\/agasm-sous-marin-ondine-cherbourg.fr\/index.php\/2023\/10\/15\/historique-sur-internet\/'>LIRE PLUS<\/a><\/span><\/div><\/div><\/div><\/div><\/div><\/div><\/div>\n\t\t\t\t\t\t<\/div>\n\t\t\t\t<\/div>\n\t\t\t\t\t<\/div>\n\t\t<\/div>\n\t\t\t\t\t<\/div>\n\t\t<\/section>\n\t\t\t\t<\/div>\n\t\t","protected":false},"excerpt":{"rendered":"","protected":false},"author":1,"featured_media":0,"parent":0,"menu_order":0,"comment_status":"closed","ping_status":"closed","template":"","meta":{"ocean_post_layout":"full-screen","ocean_both_sidebars_style":"","ocean_both_sidebars_content_width":0,"ocean_both_sidebars_sidebars_width":0,"ocean_sidebar":"0","ocean_second_sidebar":"0","ocean_disable_margins":"enable","ocean_add_body_class":"","ocean_shortcode_before_top_bar":"","ocean_shortcode_after_top_bar":"","ocean_shortcode_before_header":"","ocean_shortcode_after_header":"","ocean_has_shortcode":"","ocean_shortcode_after_title":"","ocean_shortcode_before_footer_widgets":"","ocean_shortcode_after_footer_widgets":"","ocean_shortcode_before_footer_bottom":"","ocean_shortcode_after_footer_bottom":"","ocean_display_top_bar":"off","ocean_display_header":"off","ocean_header_style":"","ocean_center_header_left_menu":"0","ocean_custom_header_template":"0","ocean_custom_logo":0,"ocean_custom_retina_logo":0,"ocean_custom_logo_max_width":0,"ocean_custom_logo_tablet_max_width":0,"ocean_custom_logo_mobile_max_width":0,"ocean_custom_logo_max_height":0,"ocean_custom_logo_tablet_max_height":0,"ocean_custom_logo_mobile_max_height":0,"ocean_header_custom_menu":"0","ocean_menu_typo_font_family":"0","ocean_menu_typo_font_subset":"","ocean_menu_typo_font_size":0,"ocean_menu_typo_font_size_tablet":0,"ocean_menu_typo_font_size_mobile":0,"ocean_menu_typo_font_size_unit":"px","ocean_menu_typo_font_weight":"","ocean_menu_typo_font_weight_tablet":"","ocean_menu_typo_font_weight_mobile":"","ocean_menu_typo_transform":"","ocean_menu_typo_transform_tablet":"","ocean_menu_typo_transform_mobile":"","ocean_menu_typo_line_height":0,"ocean_menu_typo_line_height_tablet":0,"ocean_menu_typo_line_height_mobile":0,"ocean_menu_typo_line_height_unit":"","ocean_menu_typo_spacing":0,"ocean_menu_typo_spacing_tablet":0,"ocean_menu_typo_spacing_mobile":0,"ocean_menu_typo_spacing_unit":"","ocean_menu_link_color":"","ocean_menu_link_color_hover":"","ocean_menu_link_color_active":"","ocean_menu_link_background":"","ocean_menu_link_hover_background":"","ocean_menu_link_active_background":"","ocean_menu_social_links_bg":"","ocean_menu_social_hover_links_bg":"","ocean_menu_social_links_color":"","ocean_menu_social_hover_links_color":"","ocean_disable_title":"on","ocean_disable_heading":"default","ocean_post_title":"","ocean_post_subheading":"","ocean_post_title_style":"","ocean_post_title_background_color":"","ocean_post_title_background":0,"ocean_post_title_bg_image_position":"","ocean_post_title_bg_image_attachment":"","ocean_post_title_bg_image_repeat":"","ocean_post_title_bg_image_size":"","ocean_post_title_height":0,"ocean_post_title_bg_overlay":0.5,"ocean_post_title_bg_overlay_color":"","ocean_disable_breadcrumbs":"default","ocean_breadcrumbs_color":"","ocean_breadcrumbs_separator_color":"","ocean_breadcrumbs_links_color":"","ocean_breadcrumbs_links_hover_color":"","ocean_display_footer_widgets":"on","ocean_display_footer_bottom":"on","ocean_custom_footer_template":"0","footnotes":""},"class_list":["post-8505","page","type-page","status-publish","hentry","entry"],"rttpg_featured_image_url":null,"rttpg_author":{"display_name":"admin9938","author_link":"https:\/\/agasm-sous-marin-ondine-cherbourg.fr\/index.php\/author\/albert\/"},"rttpg_comment":0,"rttpg_category":"","rttpg_excerpt":null,"_links":{"self":[{"href":"https:\/\/agasm-sous-marin-ondine-cherbourg.fr\/index.php\/wp-json\/wp\/v2\/pages\/8505","targetHints":{"allow":["GET"]}}],"collection":[{"href":"https:\/\/agasm-sous-marin-ondine-cherbourg.fr\/index.php\/wp-json\/wp\/v2\/pages"}],"about":[{"href":"https:\/\/agasm-sous-marin-ondine-cherbourg.fr\/index.php\/wp-json\/wp\/v2\/types\/page"}],"author":[{"embeddable":true,"href":"https:\/\/agasm-sous-marin-ondine-cherbourg.fr\/index.php\/wp-json\/wp\/v2\/users\/1"}],"replies":[{"embeddable":true,"href":"https:\/\/agasm-sous-marin-ondine-cherbourg.fr\/index.php\/wp-json\/wp\/v2\/comments?post=8505"}],"version-history":[{"count":0,"href":"https:\/\/agasm-sous-marin-ondine-cherbourg.fr\/index.php\/wp-json\/wp\/v2\/pages\/8505\/revisions"}],"wp:attachment":[{"href":"https:\/\/agasm-sous-marin-ondine-cherbourg.fr\/index.php\/wp-json\/wp\/v2\/media?parent=8505"}],"curies":[{"name":"wp","href":"https:\/\/api.w.org\/{rel}","templated":true}]}}